{"id":196,"date":"2019-06-06T13:18:52","date_gmt":"2019-06-06T13:18:52","guid":{"rendered":"https:\/\/delindehoeve.nl\/rusthuis\/"},"modified":"2024-06-22T16:15:02","modified_gmt":"2024-06-22T16:15:02","slug":"ruhesitz","status":"publish","type":"page","link":"https:\/\/depollensehoeve.nl\/de\/ruhesitz\/","title":{"rendered":"Ruhesitz"},"content":{"rendered":"","protected":false},"excerpt":{"rendered":"","protected":false},"author":3,"featured_media":0,"parent":0,"menu_order":0,"comment_status":"closed","ping_status":"closed","template":"","meta":{"_seopress_robots_primary_cat":"","_seopress_titles_title":"De Lindehoeve | Ruhesitz","_seopress_titles_desc":"Bei De Lindehoeve k\u00f6nnen Pferde ihren Lebensabend friedlich und gesund genie\u00dfen. Es ist auch m\u00f6glich Ihr verletztes Pferd auszukurieren. Lesen Sie mehr.","_seopress_robots_index":"","footnotes":""},"class_list":["post-196","page","type-page","status-publish","hentry"],"_links":{"self":[{"href":"https:\/\/depollensehoeve.nl\/de\/wp-json\/wp\/v2\/pages\/196","targetHints":{"allow":["GET"]}}],"collection":[{"href":"https:\/\/depollensehoeve.nl\/de\/wp-json\/wp\/v2\/pages"}],"about":[{"href":"https:\/\/depollensehoeve.nl\/de\/wp-json\/wp\/v2\/types\/page"}],"author":[{"embeddable":true,"href":"https:\/\/depollensehoeve.nl\/de\/wp-json\/wp\/v2\/users\/3"}],"replies":[{"embeddable":true,"href":"https:\/\/depollensehoeve.nl\/de\/wp-json\/wp\/v2\/comments?post=196"}],"version-history":[{"count":3,"href":"https:\/\/depollensehoeve.nl\/de\/wp-json\/wp\/v2\/pages\/196\/revisions"}],"predecessor-version":[{"id":2671,"href":"https:\/\/depollensehoeve.nl\/de\/wp-json\/wp\/v2\/pages\/196\/revisions\/2671"}],"wp:attachment":[{"href":"https:\/\/depollensehoeve.nl\/de\/wp-json\/wp\/v2\/media?parent=196"}],"curies":[{"name":"wp","href":"https:\/\/api.w.org\/{rel}","templated":true}]}}