{"id":178,"date":"2019-06-05T08:31:43","date_gmt":"2019-06-05T08:31:43","guid":{"rendered":"https:\/\/delindehoeve.nl\/over-ons\/"},"modified":"2024-06-22T19:57:06","modified_gmt":"2024-06-22T19:57:06","slug":"uber-uns","status":"publish","type":"page","link":"https:\/\/depollensehoeve.nl\/de\/uber-uns\/","title":{"rendered":"\u00dcber uns"},"content":{"rendered":"","protected":false},"excerpt":{"rendered":"","protected":false},"author":3,"featured_media":0,"parent":0,"menu_order":0,"comment_status":"closed","ping_status":"closed","template":"","meta":{"_seopress_robots_primary_cat":"","_seopress_titles_title":"De Lindehoeve | \u00dcber uns","_seopress_titles_desc":"Familienbetrieb De Lindehoeve verf\u00fcgt \u00fcber langj\u00e4hrige erfahrung mit Pferden. De Lindehoeve gibt Ihrem Pferd das Beste. Lesen Sie mehr auf unsere Methode.","_seopress_robots_index":"","footnotes":""},"class_list":["post-178","page","type-page","status-publish","hentry"],"_links":{"self":[{"href":"https:\/\/depollensehoeve.nl\/de\/wp-json\/wp\/v2\/pages\/178","targetHints":{"allow":["GET"]}}],"collection":[{"href":"https:\/\/depollensehoeve.nl\/de\/wp-json\/wp\/v2\/pages"}],"about":[{"href":"https:\/\/depollensehoeve.nl\/de\/wp-json\/wp\/v2\/types\/page"}],"author":[{"embeddable":true,"href":"https:\/\/depollensehoeve.nl\/de\/wp-json\/wp\/v2\/users\/3"}],"replies":[{"embeddable":true,"href":"https:\/\/depollensehoeve.nl\/de\/wp-json\/wp\/v2\/comments?post=178"}],"version-history":[{"count":2,"href":"https:\/\/depollensehoeve.nl\/de\/wp-json\/wp\/v2\/pages\/178\/revisions"}],"predecessor-version":[{"id":181,"href":"https:\/\/depollensehoeve.nl\/de\/wp-json\/wp\/v2\/pages\/178\/revisions\/181"}],"wp:attachment":[{"href":"https:\/\/depollensehoeve.nl\/de\/wp-json\/wp\/v2\/media?parent=178"}],"curies":[{"name":"wp","href":"https:\/\/api.w.org\/{rel}","templated":true}]}}